{"id":5434,"date":"2018-10-25T13:00:43","date_gmt":"2018-10-25T11:00:43","guid":{"rendered":"https:\/\/pfitzer-verbindungstechnik.de\/qualitaet-service\/"},"modified":"2021-10-04T15:04:47","modified_gmt":"2021-10-04T13:04:47","slug":"quality-service","status":"publish","type":"page","link":"https:\/\/pfitzer-verbindungstechnik.de\/en\/quality-service\/","title":{"rendered":"Quality &#038; Service"},"content":{"rendered":"<div class=\"wpb-content-wrapper\"><p>[vc_row][vc_column][tm_heading custom_google_font=&#8221;&#8221; text=&#8221;Quality &amp; Service&#8221; font_size=&#8221;sm:20;md:24;lg:28&#8243;][tm_spacer size=&#8221;lg:23&#8243;][tm_heading tag=&#8221;div&#8221; custom_google_font=&#8221;&#8221; text=&#8221;The general demanded certification (ISO) of our partners grants our customers security and flexibility. Because of that they get the possibility to do without cost-intensive inspections and examinations partly or completely \u2013 it is entirely up to them. Due to self control we analyse our strong and our weak points periodically and systematically. Discovered achievement and improvement potentials.<br \/>\nWe have the highest quality services, diversifying categories, advanced techniques and reasonable prices.&#8221;][tm_spacer size=&#8221;lg:60&#8243;][\/vc_column][\/vc_row][vc_row full_width=&#8221;stretch_row_content&#8221; equal_height=&#8221;yes&#8221; content_placement=&#8221;middle&#8221;][vc_column background_color=&#8221;custom&#8221; background_size=&#8221;contain&#8221; background_image=&#8221;5574&#8243; background_position=&#8221;center&#8221; offset=&#8221;vc_col-md-6&#8243; custom_background_color=&#8221;#fafbfd&#8221;][tm_spacer size=&#8221;lg:400&#8243;][\/vc_column][vc_column background_color=&#8221;custom&#8221; offset=&#8221;vc_col-md-6&#8243; custom_background_color=&#8221;#154a7e&#8221;][tm_spacer size=&#8221;sm:100;lg:144&#8243;][vc_row_inner max_width=&#8221;600px&#8221;][vc_column_inner lg_spacing=&#8221;padding_left:115&#8243; md_spacing=&#8221;padding_left:35&#8243; sm_spacing=&#8221;padding_left:15&#8243;][tm_heading custom_google_font=&#8221;&#8221; text_color=&#8221;custom&#8221; custom_text_color=&#8221;#ffffff&#8221; text=&#8221;We act. fast, flexible, professional.&#8221; font_size=&#8221;sm:20;md:24;lg:28&#8243;][tm_spacer size=&#8221;lg:25&#8243;][tm_heading tag=&#8221;div&#8221; custom_google_font=&#8221;&#8221; text_color=&#8221;custom&#8221; custom_text_color=&#8221;rgba(255,255,255,0.7)&#8221; text=&#8221;The technical highly experienced staff and its strongly developed awareness of quality are a further guarantor for competent consultation and a loyal service.&#8221;][tm_spacer size=&#8221;lg:20&#8243;][tm_heading tag=&#8221;div&#8221; custom_google_font=&#8221;&#8221; text_color=&#8221;custom&#8221; custom_text_color=&#8221;rgba(255,255,255,0.7)&#8221; text=&#8221;The most important column in our company is our staff because they are responsible for our success.<br \/>\nStaff orientation is one thing on which we set great store by. Therefore we bet on specialised knowledge, teamwork, loyalty, engagement, enthusiasm and emotional intelligence.<br \/>\nAs well one of our topmost goals is the process orientation with the goal to increase quality and productivity in all our process lines, aimed at our customers, to fulfil their requests, their demands and their expectations.&#8221;][\/vc_column_inner][\/vc_row_inner][tm_spacer size=&#8221;sm:100;lg:128&#8243;][\/vc_column][\/vc_row][vc_row full_width=&#8221;stretch_row_content&#8221; equal_height=&#8221;yes&#8221; content_placement=&#8221;middle&#8221; disable_element=&#8221;yes&#8221;][vc_column background_color=&#8221;custom&#8221; custom_background_color=&#8221;#f7f7f7&#8243; offset=&#8221;vc_col-md-6&#8243;][tm_spacer size=&#8221;sm:100;md:150;lg:166&#8243;][vc_row_inner content_alignment=&#8221;right&#8221; sm_content_alignment=&#8221;left&#8221; max_width=&#8221;600px&#8221;][vc_column_inner lg_spacing=&#8221;padding_right:110&#8243; md_spacing=&#8221;padding_right:40&#8243; sm_spacing=&#8221;padding_right:15&#8243;][tm_heading custom_google_font=&#8221;&#8221; text=&#8221;Wir messen unsere Leistungen<br \/>\num daraus zu lernen und uns<br \/>\nfortw\u00e4hrend zu verbessern.&#8221; font_size=&#8221;sm:20;md:24;lg:28&#8243;][tm_spacer size=&#8221;lg:25&#8243;][tm_heading tag=&#8221;div&#8221; custom_google_font=&#8221;&#8221; text=&#8221;Verbindungselemente zur Verf\u00fcgung zu stellen ist eine Leistung, die von den Kunden nur dann gesch\u00e4tzt wird, wenn diese zur rechten Zeit, am richtigen Ort und in der vorgegebenen Qualit\u00e4t erfolgt. Unser Hauptaugenmerk liegt darauf kompetente, technische Beratung f\u00fcr Eink\u00e4ufer, Konstrukteure, Monteure und Prozessoptimierer im Bereich Logistik und Lagerhaltung anzubieten und zu gew\u00e4hrleisten.&#8221;][tm_spacer size=&#8221;lg:20&#8243;][tm_heading tag=&#8221;div&#8221; custom_google_font=&#8221;&#8221; text=&#8221;Damit wir als Handelsunternehmen unseren Kunden dauerhaft die richtigen Produkte in der geforderten Qualit\u00e4t zu wettbewerbsf\u00e4higen Konditionen anbieten k\u00f6nnen, arbeiten wir weltweit mit ausgesuchten Herstellern und Zulieferern zusammen.&#8221;][\/vc_column_inner][\/vc_row_inner][tm_spacer size=&#8221;sm:100;md:150;lg:191&#8243;][\/vc_column][vc_column background_image=&#8221;335&#8243; background_position=&#8221;center&#8221; offset=&#8221;vc_col-md-6&#8243;][tm_spacer size=&#8221;lg:400&#8243;][\/vc_column][\/vc_row][vc_row][vc_column][tm_spacer size=&#8221;xs:30&#8243;][\/vc_column][\/vc_row][vc_row full_width=&#8221;stretch_row&#8221; content_placement=&#8221;middle&#8221; background_color=&#8221;primary&#8221; background_size=&#8221;auto&#8221; background_image=&#8221;386&#8243; background_position=&#8221;top left 12%&#8221; lg_spacing=&#8221;padding_top:45;padding_bottom:45&#8243;][vc_column width=&#8221;1\/2&#8243; offset=&#8221;vc_col-md-7&#8243;][tm_heading custom_google_font=&#8221;&#8221; xs_align=&#8221;center&#8221; text_color=&#8221;custom&#8221; custom_text_color=&#8221;#ffffff&#8221; text=&#8221;Do you need help ? Take the first step now<br \/>\nIt only takes a minute, or immediately on +49 (0) 7131 7977690&#8243; font_size=&#8221;lg:19&#8243;][tm_spacer size=&#8221;xs:30&#8243;][\/vc_column][vc_column width=&#8221;1\/2&#8243; offset=&#8221;vc_col-md-5&#8243;][tm_button style=&#8221;border-icon&#8221; button=&#8221;url:%2Fcontact|title:Contact||&#8221; align=&#8221;right&#8221; xs_align=&#8221;center&#8221; icon_type=&#8221;ion&#8221; icon_ion=&#8221;ion-android-mail&#8221; color=&#8221;custom&#8221; button_bg_color=&#8221;custom&#8221; font_color=&#8221;custom&#8221; button_border_color=&#8221;custom&#8221; button_icon_color=&#8221;primary&#8221; button_bg_color_hover=&#8221;custom&#8221; font_color_hover=&#8221;custom&#8221; button_border_color_hover=&#8221;custom&#8221; button_icon_color_hover=&#8221;custom&#8221; custom_button_bg_color=&#8221;#ffffff&#8221; custom_font_color=&#8221;#222222&#8243; custom_button_border_color=&#8221;#eeeeee&#8221; custom_font_color_hover=&#8221;#ffffff&#8221; custom_button_border_color_hover=&#8221;rgba(255,255,255,0.1)&#8221; custom_button_icon_color_hover=&#8221;#ffffff&#8221; custom_button_bg_color_hover=&#8221;#222222&#8243;][\/vc_column][\/vc_row]<\/p>\n<\/div>","protected":false},"excerpt":{"rendered":"<p>[vc_row][vc_column][tm_heading custom_google_font=&#8221;&#8221; text=&#8221;Quality &amp; Service&#8221; font_size=&#8221;sm:20;md:24;lg:28&#8243;][tm_spacer size=&#8221;lg:23&#8243;][tm_heading tag=&#8221;div&#8221; custom_google_font=&#8221;&#8221; text=&#8221;The general demanded certification (ISO) of our partners grants our customers security and flexibility. Because of that they get the possibility to do without cost-intensive inspections and examinations partly or completely \u2013 it is entirely up to them. Due to self control we analyse our strong and our weak points periodically and systematically. Discovered achievement and improvement potentials. We have the highest quality services, diversifying categories, advanced techniques and reasonable prices.&#8221;][tm_spacer size=&#8221;lg:60&#8243;][\/vc_column][\/vc_row][vc_row full_width=&#8221;stretch_row_content&#8221; equal_height=&#8221;yes&#8221; content_placement=&#8221;middle&#8221;][vc_column background_color=&#8221;custom&#8221; background_size=&#8221;contain&#8221; background_image=&#8221;5574&#8243; background_position=&#8221;center&#8221; offset=&#8221;vc_col-md-6&#8243; custom_background_color=&#8221;#fafbfd&#8221;][tm_spacer size=&#8221;lg:400&#8243;][\/vc_column][vc_column background_color=&#8221;custom&#8221; offset=&#8221;vc_col-md-6&#8243; custom_background_color=&#8221;#154a7e&#8221;][tm_spacer size=&#8221;sm:100;lg:144&#8243;][vc_row_inner max_width=&#8221;600px&#8221;][vc_column_inner lg_spacing=&#8221;padding_left:115&#8243; md_spacing=&#8221;padding_left:35&#8243; sm_spacing=&#8221;padding_left:15&#8243;][tm_heading custom_google_font=&#8221;&#8221; text_color=&#8221;custom&#8221; custom_text_color=&#8221;#ffffff&#8221; text=&#8221;We act. fast, flexible, professional.&#8221; font_size=&#8221;sm:20;md:24;lg:28&#8243;][tm_spacer size=&#8221;lg:25&#8243;][tm_heading tag=&#8221;div&#8221; custom_google_font=&#8221;&#8221; text_color=&#8221;custom&#8221; custom_text_color=&#8221;rgba(255,255,255,0.7)&#8221; text=&#8221;The technical highly experienced staff and its strongly developed awareness of quality are a further guarantor for competent consultation and a loyal service.&#8221;][tm_spacer size=&#8221;lg:20&#8243;][tm_heading tag=&#8221;div&#8221; custom_google_font=&#8221;&#8221; text_color=&#8221;custom&#8221; custom_text_color=&#8221;rgba(255,255,255,0.7)&#8221; text=&#8221;The most important column in our company is our staff because they are responsible for our success. Staff orientation is one thing on which we set great store by. Therefore we bet on specialised knowledge, teamwork, loyalty, engagement, enthusiasm and emotional intelligence. As well one of our topmost goals is the process orientation with the goal to increase quality and productivity in all our process lines, aimed at our customers, to fulfil their requests, their demands and their expectations.&#8221;][\/vc_column_inner][\/vc_row_inner][tm_spacer size=&#8221;sm:100;lg:128&#8243;][\/vc_column][\/vc_row][vc_row full_width=&#8221;stretch_row_content&#8221; equal_height=&#8221;yes&#8221; content_placement=&#8221;middle&#8221; disable_element=&#8221;yes&#8221;][vc_column background_color=&#8221;custom&#8221; custom_background_color=&#8221;#f7f7f7&#8243; offset=&#8221;vc_col-md-6&#8243;][tm_spacer size=&#8221;sm:100;md:150;lg:166&#8243;][vc_row_inner content_alignment=&#8221;right&#8221; sm_content_alignment=&#8221;left&#8221; max_width=&#8221;600px&#8221;][vc_column_inner lg_spacing=&#8221;padding_right:110&#8243; md_spacing=&#8221;padding_right:40&#8243; sm_spacing=&#8221;padding_right:15&#8243;][tm_heading custom_google_font=&#8221;&#8221; text=&#8221;Wir messen unsere Leistungen um daraus zu lernen und uns fortw\u00e4hrend zu verbessern.&#8221; font_size=&#8221;sm:20;md:24;lg:28&#8243;][tm_spacer size=&#8221;lg:25&#8243;][tm_heading tag=&#8221;div&#8221; custom_google_font=&#8221;&#8221; text=&#8221;Verbindungselemente zur Verf\u00fcgung zu stellen ist eine Leistung, die von den Kunden nur dann gesch\u00e4tzt wird, wenn diese zur rechten Zeit, am richtigen Ort und in der vorgegebenen Qualit\u00e4t erfolgt. Unser Hauptaugenmerk liegt darauf kompetente, technische Beratung f\u00fcr Eink\u00e4ufer, Konstrukteure, Monteure und Prozessoptimierer im Bereich Logistik und Lagerhaltung anzubieten und zu gew\u00e4hrleisten.&#8221;][tm_spacer size=&#8221;lg:20&#8243;][tm_heading tag=&#8221;div&#8221; custom_google_font=&#8221;&#8221; text=&#8221;Damit wir als Handelsunternehmen unseren Kunden dauerhaft die richtigen Produkte in der geforderten Qualit\u00e4t zu wettbewerbsf\u00e4higen Konditionen anbieten k\u00f6nnen, arbeiten wir weltweit mit ausgesuchten Herstellern und Zulieferern zusammen.&#8221;][\/vc_column_inner][\/vc_row_inner][tm_spacer size=&#8221;sm:100;md:150;lg:191&#8243;][\/vc_column][vc_column background_image=&#8221;335&#8243; background_position=&#8221;center&#8221; offset=&#8221;vc_col-md-6&#8243;][tm_spacer size=&#8221;lg:400&#8243;][\/vc_column][\/vc_row][vc_row][vc_column][tm_spacer size=&#8221;xs:30&#8243;][\/vc_column][\/vc_row][vc_row full_width=&#8221;stretch_row&#8221; content_placement=&#8221;middle&#8221; background_color=&#8221;primary&#8221; background_size=&#8221;auto&#8221; background_image=&#8221;386&#8243; background_position=&#8221;top left 12%&#8221; lg_spacing=&#8221;padding_top:45;padding_bottom:45&#8243;][vc_column width=&#8221;1\/2&#8243; offset=&#8221;vc_col-md-7&#8243;][tm_heading custom_google_font=&#8221;&#8221; xs_align=&#8221;center&#8221; text_color=&#8221;custom&#8221; custom_text_color=&#8221;#ffffff&#8221; text=&#8221;Do you need help ? Take the first step now It only takes a minute, or immediately on +49 (0) 7131 7977690&#8243; font_size=&#8221;lg:19&#8243;][tm_spacer size=&#8221;xs:30&#8243;][\/vc_column][vc_column width=&#8221;1\/2&#8243; offset=&#8221;vc_col-md-5&#8243;][tm_button style=&#8221;border-icon&#8221; button=&#8221;url:%2Fcontact|title:Contact||&#8221; align=&#8221;right&#8221; xs_align=&#8221;center&#8221; icon_type=&#8221;ion&#8221; icon_ion=&#8221;ion-android-mail&#8221; color=&#8221;custom&#8221; button_bg_color=&#8221;custom&#8221; font_color=&#8221;custom&#8221; button_border_color=&#8221;custom&#8221; button_icon_color=&#8221;primary&#8221; button_bg_color_hover=&#8221;custom&#8221; font_color_hover=&#8221;custom&#8221; button_border_color_hover=&#8221;custom&#8221; button_icon_color_hover=&#8221;custom&#8221; custom_button_bg_color=&#8221;#ffffff&#8221; custom_font_color=&#8221;#222222&#8243; custom_button_border_color=&#8221;#eeeeee&#8221; custom_font_color_hover=&#8221;#ffffff&#8221; custom_button_border_color_hover=&#8221;rgba(255,255,255,0.1)&#8221; custom_button_icon_color_hover=&#8221;#ffffff&#8221; custom_button_bg_color_hover=&#8221;#222222&#8243;][\/vc_column][\/vc_row]<\/p>\n","protected":false},"author":1,"featured_media":0,"parent":0,"menu_order":0,"comment_status":"closed","ping_status":"closed","template":"","meta":{"footnotes":""},"class_list":["post-5434","page","type-page","status-publish","hentry"],"_links":{"self":[{"href":"https:\/\/pfitzer-verbindungstechnik.de\/en\/wp-json\/wp\/v2\/pages\/5434","targetHints":{"allow":["GET"]}}],"collection":[{"href":"https:\/\/pfitzer-verbindungstechnik.de\/en\/wp-json\/wp\/v2\/pages"}],"about":[{"href":"https:\/\/pfitzer-verbindungstechnik.de\/en\/wp-json\/wp\/v2\/types\/page"}],"author":[{"embeddable":true,"href":"https:\/\/pfitzer-verbindungstechnik.de\/en\/wp-json\/wp\/v2\/users\/1"}],"replies":[{"embeddable":true,"href":"https:\/\/pfitzer-verbindungstechnik.de\/en\/wp-json\/wp\/v2\/comments?post=5434"}],"version-history":[{"count":0,"href":"https:\/\/pfitzer-verbindungstechnik.de\/en\/wp-json\/wp\/v2\/pages\/5434\/revisions"}],"wp:attachment":[{"href":"https:\/\/pfitzer-verbindungstechnik.de\/en\/wp-json\/wp\/v2\/media?parent=5434"}],"curies":[{"name":"wp","href":"https:\/\/api.w.org\/{rel}","templated":true}]}}