{"id":5525,"date":"2018-11-07T08:05:35","date_gmt":"2018-11-07T07:05:35","guid":{"rendered":"https:\/\/pfitzer-verbindungstechnik.de\/impressum\/"},"modified":"2018-12-10T10:31:02","modified_gmt":"2018-12-10T09:31:02","slug":"imprint","status":"publish","type":"page","link":"https:\/\/pfitzer-verbindungstechnik.de\/en\/imprint\/","title":{"rendered":"Imprint"},"content":{"rendered":"<div class=\"wpb-content-wrapper\"><p>[vc_row][vc_column][tm_heading tag=&#8221;h1&#8243; custom_google_font=&#8221;&#8221; text=&#8221;Impressum&#8221; css=&#8221;.vc_custom_1541570593730{padding-bottom: 40px !important;}&#8221; md_spacing=&#8221;padding_bottom:30&#8243; sm_spacing=&#8221;padding_bottom:20&#8243;][vc_column_text]PFITZER Verbindungstechnik GmbH<br \/>\nMax-Planck-Str. 4<br \/>\nD-74211 Leingarten<br \/>\nTel.: +49(0)7131\u00a0\/ 797769-0<br \/>\nFax: +49(0)7131\u00a0\/ 797769-10<\/p>\n<p>&nbsp;<\/p>\n<p>Gesch\u00e4ftsf\u00fchrer: Reinhold Pfitzer\u00a0\/ Master of Business Management (CCI)<br \/>\nUmsatzsteuer-Identifikationsnummer: DE 257318833<br \/>\nAmtsgericht Stuttgart : HRB 724875<br \/>\nGerichtsstand: Heilbronn<\/p>\n<p>&nbsp;<\/p>\n<h3>Haftungsausschlu\u00df<\/h3>\n<p>PFITZER\u00a0Verbindungstechnik GmbH stellt die Inhalte dieser Internetseiten mit gro\u00dfer Sorgfalt zusammen und sorgt f\u00fcr deren regelm\u00e4\u00dfige Aktualisierung. Die Angaben dienen dennoch nur der unverbindlichen allgemeinen Information und ersetzen nicht eine pers\u00f6nliche, sowie individuelle Beratung.<\/p>\n<p>PFITZER\u00a0Verbindungstechnik GmbH \u00fcbernimmt keine Gew\u00e4hr f\u00fcr die Aktualit\u00e4t, Richtigkeit und Vollst\u00e4ndigkeit der Informationen auf diesen Seiten oder den jederzeitigen st\u00f6rungsfreien Zugang. Bei Verst\u00f6\u00dfen oder Verletzungshandlung gegen geltendes Urheber- oder Markengesetz werden wir die Inhalte nach Hinweis umgehend entfernen. Bei Verweisen (Links) auf Internetseiten Dritter \u00fcbernimmt\u00a0PFITZER Verbindungstechnik GmbH keine Verantwortung f\u00fcr die Inhalte der verlinkten Seiten.<\/p>\n<p>F\u00fcr die Angebote Dritter k\u00f6nnen daher abweichende Regelungen gelten, insbesondere hinsichtlich des Datenschutzes. Weiterhin schlie\u00dft Pfitzer Verbindungstechnik ihre Haftung bei Serviceleistungen, insbesondere beim Download von durch\u00a0PFITZER Verbindungstechnik GmbH zur Verf\u00fcgung gestellten Dateien auf den Internetseiten der PFITZER Verbindungstechnik GmbH, f\u00fcr leicht fahrl\u00e4ssige Pflichtverletzungen aus.[\/vc_column_text][\/vc_column][\/vc_row]<\/p>\n<\/div>","protected":false},"excerpt":{"rendered":"<p>[vc_row][vc_column][tm_heading tag=&#8221;h1&#8243; custom_google_font=&#8221;&#8221; text=&#8221;Impressum&#8221; css=&#8221;.vc_custom_1541570593730{padding-bottom: 40px !important;}&#8221; md_spacing=&#8221;padding_bottom:30&#8243; sm_spacing=&#8221;padding_bottom:20&#8243;][vc_column_text]PFITZER Verbindungstechnik GmbH Max-Planck-Str. 4 D-74211 Leingarten Tel.: +49(0)7131\u00a0\/ 797769-0 Fax: +49(0)7131\u00a0\/ 797769-10 &nbsp; Gesch\u00e4ftsf\u00fchrer: Reinhold Pfitzer\u00a0\/ Master of Business Management (CCI) Umsatzsteuer-Identifikationsnummer: DE 257318833 Amtsgericht Stuttgart : HRB 724875 Gerichtsstand: Heilbronn &nbsp; Haftungsausschlu\u00df PFITZER\u00a0Verbindungstechnik GmbH stellt die Inhalte dieser Internetseiten mit gro\u00dfer Sorgfalt zusammen und sorgt f\u00fcr deren regelm\u00e4\u00dfige Aktualisierung. Die Angaben dienen dennoch nur der unverbindlichen allgemeinen Information und ersetzen nicht eine pers\u00f6nliche, sowie individuelle Beratung. PFITZER\u00a0Verbindungstechnik GmbH \u00fcbernimmt keine Gew\u00e4hr f\u00fcr die Aktualit\u00e4t, Richtigkeit und Vollst\u00e4ndigkeit der Informationen auf diesen Seiten oder den jederzeitigen st\u00f6rungsfreien Zugang. Bei Verst\u00f6\u00dfen oder Verletzungshandlung gegen geltendes Urheber- oder Markengesetz werden wir die Inhalte nach Hinweis umgehend entfernen. Bei Verweisen (Links) auf Internetseiten Dritter \u00fcbernimmt\u00a0PFITZER Verbindungstechnik GmbH keine Verantwortung f\u00fcr die Inhalte der verlinkten Seiten. F\u00fcr die Angebote Dritter k\u00f6nnen daher abweichende Regelungen gelten, insbesondere hinsichtlich des Datenschutzes. Weiterhin schlie\u00dft Pfitzer Verbindungstechnik ihre Haftung bei Serviceleistungen, insbesondere beim Download von durch\u00a0PFITZER Verbindungstechnik GmbH zur Verf\u00fcgung gestellten Dateien auf den Internetseiten der PFITZER Verbindungstechnik GmbH, f\u00fcr leicht fahrl\u00e4ssige Pflichtverletzungen aus.[\/vc_column_text][\/vc_column][\/vc_row]<\/p>\n","protected":false},"author":1,"featured_media":0,"parent":0,"menu_order":0,"comment_status":"closed","ping_status":"closed","template":"","meta":{"footnotes":""},"class_list":["post-5525","page","type-page","status-publish","hentry"],"_links":{"self":[{"href":"https:\/\/pfitzer-verbindungstechnik.de\/en\/wp-json\/wp\/v2\/pages\/5525","targetHints":{"allow":["GET"]}}],"collection":[{"href":"https:\/\/pfitzer-verbindungstechnik.de\/en\/wp-json\/wp\/v2\/pages"}],"about":[{"href":"https:\/\/pfitzer-verbindungstechnik.de\/en\/wp-json\/wp\/v2\/types\/page"}],"author":[{"embeddable":true,"href":"https:\/\/pfitzer-verbindungstechnik.de\/en\/wp-json\/wp\/v2\/users\/1"}],"replies":[{"embeddable":true,"href":"https:\/\/pfitzer-verbindungstechnik.de\/en\/wp-json\/wp\/v2\/comments?post=5525"}],"version-history":[{"count":0,"href":"https:\/\/pfitzer-verbindungstechnik.de\/en\/wp-json\/wp\/v2\/pages\/5525\/revisions"}],"wp:attachment":[{"href":"https:\/\/pfitzer-verbindungstechnik.de\/en\/wp-json\/wp\/v2\/media?parent=5525"}],"curies":[{"name":"wp","href":"https:\/\/api.w.org\/{rel}","templated":true}]}}